{"id":85,"date":"2018-08-31T18:20:31","date_gmt":"2018-08-31T16:20:31","guid":{"rendered":"http:\/\/kfo-eren.info\/?page_id=85"},"modified":"2019-01-30T20:21:22","modified_gmt":"2019-01-30T19:21:22","slug":"impressum-datenschutz","status":"publish","type":"page","link":"https:\/\/kfo-eren.info\/?page_id=85","title":{"rendered":"Impressum &#038; Datenschutz"},"content":{"rendered":"\t\t<div data-elementor-type=\"wp-post\" data-elementor-id=\"85\" class=\"elementor elementor-85 elementor-bc-flex-widget\" data-elementor-settings=\"[]\">\n\t\t\t\t\t\t<div class=\"elementor-inner\">\n\t\t\t\t\t\t\t<div class=\"elementor-section-wrap\">\n\t\t\t\t\t\t\t<section class=\"has_eae_slider elementor-section elementor-top-section elementor-element elementor-element-fb63272 elementor-section-boxed elementor-section-height-default elementor-section-height-default\" data-id=\"fb63272\" data-element_type=\"section\">\n\t\t\t\t\t\t<div class=\"elementor-container elementor-column-gap-default\">\n\t\t\t\t\t\t\t<div class=\"elementor-row\">\n\t\t\t\t\t<div class=\"has_eae_slider elementor-column elementor-col-100 elementor-top-column elementor-element elementor-element-d857525\" data-id=\"d857525\" data-element_type=\"column\">\n\t\t\t<div class=\"elementor-column-wrap elementor-element-populated\">\n\t\t\t\t\t\t\t<div class=\"elementor-widget-wrap\">\n\t\t\t\t\t\t<div class=\"elementor-element elementor-element-7691d8c elementor-widget elementor-widget-text-editor\" data-id=\"7691d8c\" data-element_type=\"widget\" data-widget_type=\"text-editor.default\">\n\t\t\t\t<div class=\"elementor-widget-container\">\n\t\t\t\t\t\t\t\t<div class=\"elementor-text-editor elementor-clearfix\">\n\t\t\t\t<h3><strong>Impressum:<\/strong><\/h3><div>\u00a0<\/div><div><strong>Betreiber dieser Webseite und verantwortlich f\u00fcr den Inhalt:<\/strong><\/div><div><div>\u00a0<\/div><div>Dr. Mert Eren<\/div><div>Humboldtstrasse 18<\/div><div>D-52525 Heinsberg<\/div><\/div><div>\u00a0<\/div><div><div>Telefon: 02452-1557050<\/div><div>E-Mail:\u00a0info@kfo-eren.de<\/div><div>Homepage: www.kfo-eren.de<\/div><div>\u00d6ffnungszeiten: Mo, Di, Do 08:30 Uhr &#8211; 12:00 Uhr &amp; 13:00 Uhr &#8211;\u00a0 17:30 Uhr\u00a0 |\u00a0 Mi &amp; Fr 08:30 Uhr &#8211; 12:00 Uhr\u00a0 &amp; 13:00 Uhr &#8211; 14:00 Uhr<\/div><div>\u00a0<\/div><div><strong>Berufsbezeichnung<\/strong><\/div><div><p>Fachzahnarzt f\u00fcr Kieferorthop\u00e4die<\/p><p>Berufsbezeichnung verliehen durch den Staat Bundesrepublik Deutschland<\/p><p><strong>Umsatzsteuer-Identifikationsnummer<\/strong><\/p><p>Unsere Umsatzsteuer-Identifikationsnummer: DE\u00a0<\/p><p><strong>Zust\u00e4ndige Kammer<\/strong><\/p><p>Zahn\u00e4rztekammer Nordrhein<br \/>Emanuel-Leutze-Str. 8<br \/>40547 D\u00fcsseldorf-L\u00f6rick<br \/>E-Mail:\u00a0infoif20@zaek-nrif20.de<br \/>Telefon:\u00a00211 &#8211; 44704-0<br \/>Fax: 0211 &#8211; 44704-406<\/p><p><strong>Zust\u00e4ndige Aufsichtsbeh\u00f6rde<\/strong><\/p><p>Bezirks<i>r<\/i>egierung D\u00fcsseldorf<br \/>Cecilienallee 2<br \/>40474 D\u00fcsseldorf<br \/>Telefon:\u00a00211-475-2800<br \/>E-Mail:\u00a0poststelle@brd.nrw.de<\/p><p><strong>Zust\u00e4ndige Kassenzahn\u00e4rztliche Vereinigung<\/strong><\/p><p>Kassenzahn\u00e4rztliche Vereinigung Nordrhein<br \/>Lindemannstr. 34 &#8211; 42<br \/>40237 D\u00fcsseldorf<br \/>Tel.: 0211 &#8211; 96 84-0<br \/>Fax: 0211 &#8211; 96 84-333<\/p><p><strong>Berufsrechtliche Regelungen<\/strong><\/p><p><a href=\"https:\/\/www.gesetze-im-internet.de\/zhg\/\">Gesetz \u00fcber die Aus\u00fcbung der Zahnheilkunde \/ Zahnheilkundegesetz<\/a><\/p><p><a href=\"https:\/\/www.gesetze-im-internet.de\/goz_1987\/index.html\">Geb\u00fchrenordnung f\u00fcr Zahn\u00e4rzte<\/a><\/p><p><a href=\"https:\/\/recht.nrw.de\/lmi\/owa\/br_text_anzeigen?v_id=10000000000000000065\">Heilberufsgesetz NRW<\/a><\/p><p><a href=\"https:\/\/www.zahnaerztekammernordrhein.de\/fileadmin\/user_upload\/downloads2015\/Berufsordnung_2007.pdf\">Berufsordnung der Zahn\u00e4rztekammer Nordrhein<\/a><\/p><p><a href=\"https:\/\/www.zahnaerztekammernordrhein.de\/fileadmin\/user_upload\/downloads2015\/wbo.pdf\">Weiterbildungsordnung der Zahn\u00e4rztekammer Nordrhein<\/a><\/p><\/div><\/div><h3><strong>Datenschutzerkl\u00e4rung:<\/strong><\/h3><p>Die Nutzung unserer Webseite ist in der Regel ohne Angabe personenbezogener Daten m\u00f6glich. Soweit auf unseren Seiten personenbezogene Daten (beispielsweise Name, Anschrift oder eMail-Adressen) erhoben werden, erfolgt dies, soweit m\u00f6glich, stets auf freiwilliger Basis. Diese Daten werden ohne Ihre ausdr\u00fcckliche Zustimmung nicht an Dritte weitergegeben.<\/p><p>Wir weisen darauf hin, dass die Daten\u00fcbertragung im Internet (z.B. bei der Kommunikation per E-Mail) Sicherheitsl\u00fccken aufweisen kann. Ein l\u00fcckenloser Schutz der Daten vor dem Zugriff durch Dritte ist nicht m\u00f6glich.<\/p><p>Der Nutzung von im Rahmen der Impressumspflicht ver\u00f6ffentlichten Kontaktdaten durch Dritte zur \u00dcbersendung von nicht ausdr\u00fccklich angeforderter Werbung und Informationsmaterialien wird hiermit ausdr\u00fccklich widersprochen. Die Betreiber der Seiten behalten sich ausdr\u00fccklich rechtliche Schritte im Falle der unverlangten Zusendung von Werbeinformationen, etwa durch Spam-Mails, vor.<\/p><h3>Kontaktformular<\/h3><p>Zum Schutz Ihrer Anfragen per Internetformular verwenden wir den Dienst Konsole H des Unternehmens Hetzner Online GmbH. Die Abfrage schlie\u00dft den Versand der IP-Adresse und ggf. weiterer von Hetzner Online GmbH f\u00fcr den Dienst Konsole H ben\u00f6tigter Daten ein. Zu diesem Zweck wird Ihre Eingabe an Hetzner Online GmbH \u00fcbermittelt und dort weiter verwendet. Ihre IP-Adresse wird von Hetzner Online GmbH jedoch innerhalb von Mitgliedstaaten der Europ\u00e4ischen Union oder in anderen Vertragsstaaten des Abkommens \u00fcber den Europ\u00e4ischen Wirtschaftsraum zuvor gek\u00fcrzt. Ihre Daten werden nicht an Dritte weitergeleitet.<\/p><p>Personenbezogene Daten werden ausschlie\u00dflich im Rahmen der gesetzlichen Vorschriften des Bundesdatenschutzgesetzes (BDSG) sowie des Telemediengesetzes (TMG) erhoben und gespeichert. F\u00fcr weitere Ausk\u00fcnfte oder Fragen zum Datenschutz bei Hetzner Online GmbH senden Sie eine E-Mail an data-protection@hetzner.com.<\/p><h3>Datenschutzerkl\u00e4rung f\u00fcr die Nutzung von Facebook-Plugins (Like-Buttons)<\/h3><p>Auf unseren Seiten sind Plugins des sozialen Netzwerks Facebook, 1601 South California Avenue, Palo Alto, CA 94304, USA integriert. Die Facebook-Plugins erkennen Sie an dem Facebook-Logo oder dem \u201eLike-Button\u201c (\u201eGef\u00e4llt mir\u201c) auf unserer Seite. Eine \u00dcbersicht \u00fcber die Facebook-Plugins finden Sie hier: <a href=\"http:\/\/www.kfo-naderimehr.de\/\u201chttp:\/\/developers.facebook.com\/docs\/plugins\u201c\">http:\/\/developers.facebook.com\/docs\/plugins<\/a>.<\/p><p>Wenn Sie unsere Seiten besuchen, wird \u00fcber das Plugin eine direkte Verbindung zwischen Ihrem Browser und dem Facebook-Server hergestellt. Facebook erh\u00e4lt dadurch die Information, dass Sie mit Ihrer IP-Adresse unsere Seite besucht haben. Wenn Sie den Facebook \u201eLike-Button\u201c anklicken w\u00e4hrend Sie in Ihrem Facebook-Account eingeloggt sind, k\u00f6nnen Sie die Inhalte unserer Seiten auf Ihrem Facebook-Profil verlinken. Dadurch kann Facebook den Besuch unserer Seiten Ihrem Benutzerkonto zuordnen. Wir weisen darauf hin, dass wir als Anbieter der Seiten keine Kenntnis vom Inhalt der \u00fcbermittelten Daten sowie deren Nutzung durch Facebook erhalten. Weitere Informationen hierzu finden Sie in der Datenschutzerkl\u00e4rung von facebook unter http:\/\/de-de.facebook.com\/policy.php..<\/p><p>Wenn Sie nicht w\u00fcnschen, dass Facebook den Besuch unserer Seiten Ihrem Facebook-Nutzerkonto zuordnen kann, loggen Sie sich bitte aus Ihrem Facebook-Benutzerkonto aus.<\/p><h3>\u00a0<\/h3><h3>Datenschutzerkl\u00e4rung f\u00fcr die Nutzung von Google Analytics<\/h3><p>Diese Website benutzt Google Analytics, einen Webanalysedienst der Google Inc. (\u201eGoogle\u201c). Google Analytics verwendet sog. \u201eCookies\u201c, Textdateien, die auf Ihrem Computer gespeichert werden und die eine Analyse der Benutzung der Website durch Sie erm\u00f6glicht. Die durch den Cookie erzeugten Informationen \u00fcber Ihre Benutzung dieser Website (einschlie\u00dflich Ihrer IP-Adresse) wird an einen Server von Google in den USA \u00fcbertragen und dort gespeichert.<\/p><p>Google wird diese Informationen benutzen, um Ihre Nutzung der Website auszuwerten, um Reports \u00fcber die Websiteaktivit\u00e4ten f\u00fcr die Websitebetreiber zusammenzustellen und um weitere mit der Websitenutzung und der Internetnutzung verbundene Dienstleistungen zu erbringen. Auch wird Google diese Informationen gegebenenfalls an Dritte \u00fcbertragen, sofern dies gesetzlich vorgeschrieben ist oder soweit Dritte diese Daten im Auftrag von Google verarbeiten. Google wird in keinem Fall Ihre IP-Adresse mit anderen Daten der Google Inc. in Verbindung bringen.<\/p><p>Sie k\u00f6nnen die Speicherung der Cookies durch eine entsprechende Einstellung Ihrer Browser-Software verhindern; wir weisen Sie jedoch darauf hin, dass Sie in diesem Fall gegebenenfalls nicht s\u00e4mtliche Funktionen dieser Website vollumf\u00e4nglich werden nutzen k\u00f6nnen. Sie k\u00f6nnen dar\u00fcber hinaus die Erfassung der durch das Cookie erzeugten und auf Ihre Nutzung der Website bezogenen Daten (inkl. Ihrer IP-Adresse) an Google sowie die Verarbeitung dieser Daten durch Google verhindern, indem sie das unter dem folgenden Link verf\u00fcgbare Browser-Plugin herunterladen und installieren: <a href=\"http:\/\/tools.google.com\/dlpage\/gaoptout?hl=de\">http:\/\/tools.google.com\/dlpage\/gaoptout?hl=de<\/a>.<\/p><h3>\u00a0<\/h3><h3>Datenschutzerkl\u00e4rung f\u00fcr die Nutzung von Google Adsense<\/h3><p>Diese Website benutzt Google AdSense, einen Dienst zum Einbinden von Werbeanzeigen der Google Inc. (\u201eGoogle\u201c). Google AdSense verwendet sog. \u201eCookies\u201c, Textdateien, die auf Ihrem Computer gespeichert werden und die eine Analyse der Benutzung der Website erm\u00f6glicht. Google AdSense verwendet auch so genannte Web Beacons (unsichtbare Grafiken). Durch diese Web Beacons k\u00f6nnen Informationen wie der Besucherverkehr auf diesen Seiten ausgewertet werden.<\/p><p>Die durch Cookies und Web Beacons erzeugten Informationen \u00fcber die Benutzung dieser Website (einschlie\u00dflich Ihrer IP-Adresse) und Auslieferung von Werbeformaten werden an einen Server von Google in den USA \u00fcbertragen und dort gespeichert. Diese Informationen k\u00f6nnen von Google an Vertragspartner von Google weiter gegeben werden. Google wird Ihre IP-Adresse jedoch nicht mit anderen von Ihnen gespeicherten Daten zusammenf\u00fchren.<\/p><p>Sie k\u00f6nnen die Installation der Cookies durch eine entsprechende Einstellung Ihrer Browser Software verhindern; wir weisen Sie jedoch darauf hin, dass Sie in diesem Fall gegebenenfalls nicht s\u00e4mtliche Funktionen dieser Website voll umf\u00e4nglich nutzen k\u00f6nnen. Durch die Nutzung dieser Website erkl\u00e4ren Sie sich mit der Bearbeitung der \u00fcber Sie erhobenen Daten durch Google in der zuvor beschriebenen Art und Weise und zu dem zuvor benannten Zweck einverstanden.<\/p><h3>\u00a0<\/h3><h3>Datenschutzerkl\u00e4rung f\u00fcr die Nutzung von Google +1<\/h3><p><i>Erfassung und Weitergabe von Informationen:<\/i> Mithilfe der Google +1-Schaltfl\u00e4che k\u00f6nnen Sie Informationen weltweit ver\u00f6ffentlichen. \u00fcber die Google +1-Schaltfl\u00e4che erhalten Sie und andere Nutzer personalisierte Inhalte von Google und unseren Partnern. Google speichert sowohl die Information, dass Sie f\u00fcr einen Inhalt +1 gegeben haben, als auch Informationen \u00fcber die Seite, die Sie beim Klicken auf +1 angesehen haben. Ihre +1 k\u00f6nnen als Hinweise zusammen mit Ihrem Profilnamen und Ihrem Foto in Google-Diensten, wie etwa in Suchergebnissen oder in Ihrem Google-Profil, oder an anderen Stellen auf Websites und Anzeigen im Internet eingeblendet werden.\u2028Google zeichnet Informationen \u00fcber Ihre +1-Aktivit\u00e4ten auf, um die Google-Dienste f\u00fcr Sie und andere zu verbessern. Um die Google +1-Schaltfl\u00e4che verwenden zu k\u00f6nnen, ben\u00f6tigen Sie ein weltweit sichtbares, \u00f6ffentliches Google-Profil, das zumindest den f\u00fcr das Profil gew\u00e4hlten Namen enthalten muss. Dieser Name wird in allen Google-Diensten verwendet. In manchen F\u00e4llen kann dieser Name auch einen anderen Namen ersetzen, den Sie beim Teilen von Inhalten \u00fcber Ihr Google-Konto verwendet haben. Die Identit\u00e4t Ihres Google-Profils kann Nutzern angezeigt werden, die Ihre E-Mail-Adresse kennen oder \u00fcber andere identifizierende Informationen von Ihnen verf\u00fcgen.<\/p><p><i>Verwendung der erfassten Informationen:<\/i> Neben den oben erl\u00e4uterten Verwendungszwecken werden die von Ihnen bereitgestellten Informationen gem\u00e4\u00df den geltenden Google-Datenschutzbestimmungen genutzt. Google ver\u00f6ffentlicht m\u00f6glicherweise zusammengefasste Statistiken \u00fcber die +1-Aktivit\u00e4ten der Nutzer bzw. gibt diese an Nutzer und Partner weiter, wie etwa Publisher, Inserenten oder verbundene Websites.<\/p><p>Quellenangaben: Disclaimer eRecht24, eRecht24 Datenschutzerkl\u00e4rung f\u00fcr Facebook, Datenschutzerkl\u00e4rung Google Analytics, Datenschutzerkl\u00e4rung f\u00fcr Google Adsense, Datenschutzerkl\u00e4rung Google +1<\/p>\t\t\t\t\t<\/div>\n\t\t\t\t\t\t<\/div>\n\t\t\t\t<\/div>\n\t\t\t\t\t\t<\/div>\n\t\t\t\t\t<\/div>\n\t\t<\/div>\n\t\t\t\t\t\t\t\t<\/div>\n\t\t\t\t\t<\/div>\n\t\t<\/section>\n\t\t\t\t\t\t<\/div>\n\t\t\t\t\t\t<\/div>\n\t\t\t\t\t<\/div>\n\t\t","protected":false},"excerpt":{"rendered":"<p>Impressum: \u00a0Betreiber dieser Webseite und verantwortlich f\u00fcr den Inhalt:\u00a0Dr. Mert ErenHumboldtstrasse 18D-52525 Heinsberg\u00a0Telefon: 02452-1557050E-Mail:\u00a0info@kfo-eren.deHomepage: www.kfo-eren.de\u00d6ffnungszeiten: Mo, Di, Do 08:30 Uhr &#8211; 12:00 Uhr &amp; 13:00 Uhr &#8211;\u00a0 17:30 Uhr\u00a0 |\u00a0 Mi &amp; Fr 08:30 Uhr &#8211; 12:00 Uhr\u00a0 &amp; 13:00 Uhr &#8211; 14:00 Uhr\u00a0Berufsbezeichnung Fachzahnarzt f\u00fcr Kieferorthop\u00e4die Berufsbezeichnung verliehen durch&hellip; <\/p>\n","protected":false},"author":1,"featured_media":0,"parent":0,"menu_order":0,"comment_status":"closed","ping_status":"closed","template":"elementor_header_footer","meta":{"footnotes":""},"class_list":["post-85","page","type-page","status-publish","hentry"],"_links":{"self":[{"href":"https:\/\/kfo-eren.info\/index.php?rest_route=\/wp\/v2\/pages\/85","targetHints":{"allow":["GET"]}}],"collection":[{"href":"https:\/\/kfo-eren.info\/index.php?rest_route=\/wp\/v2\/pages"}],"about":[{"href":"https:\/\/kfo-eren.info\/index.php?rest_route=\/wp\/v2\/types\/page"}],"author":[{"embeddable":true,"href":"https:\/\/kfo-eren.info\/index.php?rest_route=\/wp\/v2\/users\/1"}],"replies":[{"embeddable":true,"href":"https:\/\/kfo-eren.info\/index.php?rest_route=%2Fwp%2Fv2%2Fcomments&post=85"}],"version-history":[{"count":10,"href":"https:\/\/kfo-eren.info\/index.php?rest_route=\/wp\/v2\/pages\/85\/revisions"}],"predecessor-version":[{"id":491,"href":"https:\/\/kfo-eren.info\/index.php?rest_route=\/wp\/v2\/pages\/85\/revisions\/491"}],"wp:attachment":[{"href":"https:\/\/kfo-eren.info\/index.php?rest_route=%2Fwp%2Fv2%2Fmedia&parent=85"}],"curies":[{"name":"wp","href":"https:\/\/api.w.org\/{rel}","templated":true}]}}